{"id":39,"date":"2013-10-12T22:25:56","date_gmt":"2013-10-12T22:25:56","guid":{"rendered":"http:\/\/www.isabeldiegopsicologia.com\/?page_id=39"},"modified":"2022-02-22T12:09:55","modified_gmt":"2022-02-22T12:09:55","slug":"peritajes","status":"publish","type":"page","link":"https:\/\/www.isabeldiegopsicologia.com\/?page_id=39","title":{"rendered":"Peritajes"},"content":{"rendered":"<p><b>\u00c1REAS DE TRABAJO<\/b><\/p>\n<p>Como perito-psic\u00f3logo he adquirido formaci\u00f3n y trabajado sobre los temas m\u00e1s relevantes en los que se suele solicitar una pericial psicol\u00f3gica. No obstante, cada caso es \u00fanico, por lo que antes de dar una respuesta afirmativa para llevar a cabo la peritaci\u00f3n es necesario que conozca las caracter\u00edsticas del caso y las posibilidades para llevarlo a cabo, evaluarlo de manera \u00fanica y exclusiva.<\/p>\n<p>Las principales \u00e1reas de trabajo que llevo a cabo son:<\/p>\n<ul>\n<li><b>Derecho penal<\/b>: En Derecho Penal se pueden distinguir dos grupos sobre los que puede versar la pericial. El primero es el grupo de los imputados o infractores. El segundo grupo, progresivamente importante, es el de v\u00edctimas del supuesto delito. En imputabilidad su aplicaci\u00f3n gira en torno al delincuente, el origen del delito y la consecuente&nbsp;imputabilidad. Evaluamos el estado mental del sujeto y ponemos en relaci\u00f3n la enfermedad mental&nbsp;con el delito. Haciendo especial hincapi\u00e9 en si sabe lo que hace y si quiere hacerlo. Respondemos en&nbsp;la mayor\u00eda de los casos a preguntas como:&nbsp;\u00bfEran plenas sus capacidades de querer, entender y obrar? Evaluaci\u00f3n de la v\u00edctima, su estado y sus posibles secuelas. Valoramos el estado previo, sus circunstancias particulares y su evoluci\u00f3n.<\/li>\n<li><b>Derecho de familia<\/b>:&nbsp;Guarda y custodia.&nbsp;Reg\u00edmenes de visitas.&nbsp;Tutela de menores. Patria potestad.&nbsp;&nbsp;Procesos de adopci\u00f3n.&nbsp;&nbsp;Evaluaci\u00f3n psicol\u00f3gica de las causas de nulidad en el matrimonio.<\/li>\n<li><b>Derecho laboral:<\/b>&nbsp;Incapacidad laboral, secuelas por accidente laboral, detecci\u00f3n de simulaci\u00f3n, mobbing o acoso en el trabajo.<\/li>\n<li><b>Derecho civil<\/b>: Tutelas, incapacitaci\u00f3n de adultos, internamientos psiqui\u00e1tricos involuntarios, capacidad testamentaria, evaluaci\u00f3n del consentimiento.<\/li>\n<\/ul>\n<p>La actividad profesional de los psic\u00f3logos forenses consiste principalmente en la evaluaci\u00f3n psicol\u00f3gica y en la preparaci\u00f3n y ratificaci\u00f3n de informes psicol\u00f3gicos periciales en cualquiera de las diferentes \u00f3rdenes jurisdiccionales. Lo que se pretende&nbsp;aportar al proceso judicial es una valoraci\u00f3n m\u00e1s objetiva de la conducta humana, a trav\u00e9s de t\u00e9cnicas e instrumentos psicol\u00f3gicos que ayuden al juez a dictar sentencia. En el informe pericial, se deben valorar los hechos o circunstancias psicol\u00f3gicas que sean de inter\u00e9s o necesidad para el proceso judicial.<\/p>\n<p>Cada vez son m\u00e1s los jueces que acuden a los psic\u00f3logos (ya sean privados o pertenecientes a la Administraci\u00f3n de Justicia), solicitando asesoramiento para valorar todas las cuestiones que tienen que ver con el estudio de las condiciones psicol\u00f3gicas de los actores jur\u00eddicos. Por ejemplo, la sentencia del Tribunal Supremo de 21 de noviembre de 1992 (RJ 1992\\9624) se afirma que la psicolog\u00eda permite aportar medios de conocimiento, que el Tribunal no podr\u00eda ignorar en su juicio sobre la credibilidad del testigo y que, por s\u00ed mismo no podr\u00eda obtener en raz\u00f3n del car\u00e1cter cient\u00edfico especializado de los mismos.<\/p>\n<p>Desde mi posici\u00f3n como profesional, mi pericial se fundamentar\u00e1 en un trabajo objetivo y neutral, tratando de dar respuesta a la demanda y utilizando para ello los recursos y elementos m\u00e1s adecuados a la demanda planteada, bien sea por una de las partes o por el juez.<\/p>\n<p><b><span style=\"text-decoration: underline;\">La solicitud del informe pericial<\/span><\/b><\/p>\n<p>Puede solicitarlo el juez, el letrado, el fiscal o una persona implicada en un proceso judicial, por diversos motivos y en funci\u00f3n de esto, el perito-psic\u00f3logo investiga sobre lo que sea pertinente, mediante entrevistas, evaluaci\u00f3n psicopatol\u00f3gica y la aplicaci\u00f3n de T\u00e9cnicas de Psicodiagn\u00f3stico (fiables, pertinentes, actualizadas y baremadas).<\/p>\n","protected":false},"excerpt":{"rendered":"<p>\u00c1REAS DE TRABAJO Como perito-psic\u00f3logo he adquirido formaci\u00f3n y trabajado sobre los temas m\u00e1s relevantes en los que se suele solicitar una pericial psicol\u00f3gica. No obstante, cada caso es \u00fanico, <a class=\"more-link\" href=\"https:\/\/www.isabeldiegopsicologia.com\/?page_id=39\">Seguir Leyendo &rarr;<\/a><\/p>\n","protected":false},"author":1,"featured_media":0,"parent":0,"menu_order":0,"comment_status":"closed","ping_status":"open","template":"","meta":[],"_links":{"self":[{"href":"https:\/\/www.isabeldiegopsicologia.com\/index.php?rest_route=\/wp\/v2\/pages\/39"}],"collection":[{"href":"https:\/\/www.isabeldiegopsicologia.com\/index.php?rest_route=\/wp\/v2\/pages"}],"about":[{"href":"https:\/\/www.isabeldiegopsicologia.com\/index.php?rest_route=\/wp\/v2\/types\/page"}],"author":[{"embeddable":true,"href":"https:\/\/www.isabeldiegopsicologia.com\/index.php?rest_route=\/wp\/v2\/users\/1"}],"replies":[{"embeddable":true,"href":"https:\/\/www.isabeldiegopsicologia.com\/index.php?rest_route=%2Fwp%2Fv2%2Fcomments&post=39"}],"version-history":[{"count":5,"href":"https:\/\/www.isabeldiegopsicologia.com\/index.php?rest_route=\/wp\/v2\/pages\/39\/revisions"}],"predecessor-version":[{"id":402,"href":"https:\/\/www.isabeldiegopsicologia.com\/index.php?rest_route=\/wp\/v2\/pages\/39\/revisions\/402"}],"wp:attachment":[{"href":"https:\/\/www.isabeldiegopsicologia.com\/index.php?rest_route=%2Fwp%2Fv2%2Fmedia&parent=39"}],"curies":[{"name":"wp","href":"https:\/\/api.w.org\/{rel}","templated":true}]}}