{"id":14,"date":"2013-10-09T14:59:29","date_gmt":"2013-10-09T14:59:29","guid":{"rendered":"http:\/\/www.isabeldiegopsicologia.com\/?page_id=14"},"modified":"2022-02-22T12:10:41","modified_gmt":"2022-02-22T12:10:41","slug":"inicio","status":"publish","type":"page","link":"https:\/\/www.isabeldiegopsicologia.com\/","title":{"rendered":"Inicio"},"content":{"rendered":"<p>Bienvenidos a&nbsp;<b><a href=\"http:\/\/xn--isabeldiegopsicologa-74b.com\/\" target=\"_blank\" rel=\"noopener noreferrer\">isabeldiegopsicolog\u00eda.com<\/a><\/b>&nbsp;un espacio creado para que me conozc\u00e1is un poco m\u00e1s. Desde que era peque\u00f1a me interes\u00f3 el funcionamiento y la complejidad del cerebro humano; por eso, cuando decid\u00ed dar el paso de elegir a qu\u00e9 me quer\u00eda dedicar el resto de mi vida, eleg\u00ed estudiar Psicolog\u00eda en la Universidad Pontificia de Salamanca.&nbsp;&nbsp;Tengo tres especialidades claras:<\/p>\n<p><b>M\u00e1ster en Terapia Cl\u00ednica Cognitivo Conductual<\/b><\/p>\n<p>Mi metodolog\u00eda de trabajo se adapta a las necesidades de cada persona. No utilizo un modelo herm\u00e9tico, sino que mi l\u00ednea de trabajo evoluciona de forma paralela a como lo hace la persona. Lo m\u00e1s importante para m\u00ed es conseguir que la persona que acude a mi consulta pueda charlar de sus preocupaciones sin sentirse analizado, el resultado de las terapias es otorgar el m\u00e1ximo bienestar con uno mismo y resolver problemas. Encajar todas las piezas del puzzle para ser felices, que es el objetivo de nuestra vida.<\/p>\n<p><b>M\u00e1ster Psicolog\u00eda Cl\u00ednica, Legal y Forense<\/b><\/p>\n<p>Pertenezco al turno de oficio de Psic\u00f3logos Peritos del Colegio de Psic\u00f3logos de Cantabria. Tengo una dilatada experiencia en la realizaci\u00f3n de informes periciales que vayan a ser empleados en un juicio.&nbsp;La actividad profesional de los psic\u00f3logos forenses consiste principalmente en la evaluaci\u00f3n psicol\u00f3gica y en la preparaci\u00f3n y ratificaci\u00f3n de informes psicol\u00f3gicos periciales en cualquiera de las diferentes \u00f3rdenes jurisdiccionales.<\/p>\n<p>Lo que se pretende&nbsp;aportar al proceso judicial, es una valoraci\u00f3n m\u00e1s objetiva de la conducta humana a trav\u00e9s de t\u00e9cnicas e instrumentos psicol\u00f3gicos que ayuden al juez a dictar sentencia. En el informe pericial, se deben valorar los hechos o circunstancias psicol\u00f3gicas que sean de inter\u00e9s o necesidad para el proceso judicial. Las \u00e1reas de trabajo que cubro son Civil, Laboral, y Penal.<\/p>\n<p><b>Especialista como formadora y ponente<\/b><\/p>\n<p>Soy formadora en talleres espec\u00edficos como son: t\u00e9cnicas de relajaci\u00f3n, habilidades sociales\u2026&nbsp;&nbsp;Tambi\u00e9n realizo ponencias sobre trastornos del sue\u00f1o, acoso escolar y violencia de g\u00e9nero, entre otros.<\/p>\n","protected":false},"excerpt":{"rendered":"<p>Bienvenidos a&nbsp;isabeldiegopsicolog\u00eda.com&nbsp;un espacio creado para que me conozc\u00e1is un poco m\u00e1s. Desde que era peque\u00f1a me interes\u00f3 el funcionamiento y la complejidad del cerebro humano; por eso, cuando decid\u00ed dar <a class=\"more-link\" href=\"https:\/\/www.isabeldiegopsicologia.com\/\">Seguir Leyendo &rarr;<\/a><\/p>\n","protected":false},"author":1,"featured_media":0,"parent":0,"menu_order":0,"comment_status":"closed","ping_status":"open","template":"","meta":[],"_links":{"self":[{"href":"https:\/\/www.isabeldiegopsicologia.com\/index.php?rest_route=\/wp\/v2\/pages\/14"}],"collection":[{"href":"https:\/\/www.isabeldiegopsicologia.com\/index.php?rest_route=\/wp\/v2\/pages"}],"about":[{"href":"https:\/\/www.isabeldiegopsicologia.com\/index.php?rest_route=\/wp\/v2\/types\/page"}],"author":[{"embeddable":true,"href":"https:\/\/www.isabeldiegopsicologia.com\/index.php?rest_route=\/wp\/v2\/users\/1"}],"replies":[{"embeddable":true,"href":"https:\/\/www.isabeldiegopsicologia.com\/index.php?rest_route=%2Fwp%2Fv2%2Fcomments&post=14"}],"version-history":[{"count":5,"href":"https:\/\/www.isabeldiegopsicologia.com\/index.php?rest_route=\/wp\/v2\/pages\/14\/revisions"}],"predecessor-version":[{"id":401,"href":"https:\/\/www.isabeldiegopsicologia.com\/index.php?rest_route=\/wp\/v2\/pages\/14\/revisions\/401"}],"wp:attachment":[{"href":"https:\/\/www.isabeldiegopsicologia.com\/index.php?rest_route=%2Fwp%2Fv2%2Fmedia&parent=14"}],"curies":[{"name":"wp","href":"https:\/\/api.w.org\/{rel}","templated":true}]}}